{"id":77,"date":"2025-04-22T14:36:57","date_gmt":"2025-04-22T14:36:57","guid":{"rendered":"https:\/\/wendakehelicoptere.com\/?page_id=77"},"modified":"2025-04-22T15:21:16","modified_gmt":"2025-04-22T15:21:16","slug":"conditions-dutilisation","status":"publish","type":"page","link":"https:\/\/wendakehelicoptere.com\/en\/conditions-dutilisation\/","title":{"rendered":"Terms of use"},"content":{"rendered":"<p class=\" translation-block\">Please carefully read the Terms of Use (hereinafter referred to as the  <strong>Terms of Use <\/strong>) below.<\/p>\n\n\n\n<p class=\" translation-block\">By deciding to use the website (hereinafter called Website) of Wendake H\u00e9licopt\u00e8re (Wendake H\u00e9licopt\u00e8re, hereinafter called Wendake H\u00e9licopt\u00e8re), the user (the end user, or the organization you represent or work for, hereinafter referred to as the User) accepts all of the Terms of Use listed below. These terms of use govern the content and operation of the Website, including Wendake H\u00e9licopt\u00e8re Privacy Policy.<\/p>\n\n\n\n<p class=\" translation-block\">These Terms of Use legally bind the User and Wendake H\u00e9licopt\u00e8re (hereinafter the \u201cParties\u201d). The Parties are entitled to invoke this agreement and to take all useful and necessary measures to enforce it.<\/p>\n\n\n\n<p>The User accepts and acknowledges that Wendake H\u00e9licopt\u00e8re reserves the right, at any time and without prior warning, to modify, change or update the Terms of Use. Usage of the platform by the User after such a modification constitutes his consent to respect the modified Terms of Use and to be bound by them. Wendake H\u00e9licopt\u00e8re will try, as much as possible, to inform users of any significant changes made to the Terms of Use. It is however the User\u2019s responsibility to review them regularly in order to be informed of any changes that may have been made. If the User does not accept these Terms of Use he must not use Wendake H\u00e9licopt\u00e8re Website.<\/p>\n\n\n\n<h2 class=\"wp-block-heading\">ACCESS AND USE OF WENDAKE H\u00c9LICOPT\u00c8RE\u2019S WEBSITE<\/h2>\n\n\n\n<p>Browsing the Website implies that you have read, understood and accepted the Terms of Use.<\/p>\n\n\n\n<p>The Website is accessible from all platforms (computer, smartphone, tablet, etc.) and on all browsers. We recommend using Google Chrome or Firefox.<\/p>\n\n\n\n<p>The Website is accessible at all times. It may happen that the Website is temporarily unavailable, in case of updates or technical problems. Wendake H\u00e9licopt\u00e8re is not responsible for service interruptions or updates. Wendake H\u00e9licopt\u00e8re tries to make updates when the number of visits to the Website is at its lowest.<\/p>\n\n\n\n<p>Wendake H\u00e9licopt\u00e8re reserves the right to add, delete and modify all the content found on the Website. Wendake H\u00e9licopt\u00e8re cannot be held responsible for mistakes, typographical errors and bugs. If you report such problems, Wendake H\u00e9licopt\u00e8re will do its best to correct the situation promptly.<\/p>\n\n\n\n<p>Users of the Website agree, without limitation, not to:<\/p>\n\n\n\n<ol style=\"list-style-type:lower-alpha\" class=\"wp-block-list\">\n<li>Use the platform in any way that could damage, disable, overburden or impair the Website;<\/li>\n\n\n\n<li>Disrupt the security, or otherwise abuse the Website or any services, system resources, servers or networks connected to the Website, or any affiliated or linked sites or applications accessible through them;<\/li>\n\n\n\n<li>Upload, post or otherwise transmit to the Website any virus or other harmful, disruptive or destructive computer file or program;<\/li>\n\n\n\n<li>Use any robot, spider or other automatic device or manual process to monitor or copy the pages of the Website, or their content;<\/li>\n\n\n\n<li>Transmit through the Website emails, chain emails, junk messages or other types of unsolicited mass emails;<\/li>\n\n\n\n<li>Transmit through the Website emails, chain emails, junk messages or other types of unsolicited mass emails;<\/li>\n\n\n\n<li>attempt to gain unauthorized access to the Site or to portions of it to which access is restricted.<\/li>\n<\/ol>\n\n\n\n<h2 class=\"wp-block-heading\">INTELLECTUAL PROPERTY<\/h2>\n\n\n\n<p class=\" translation-block\">All intellectual property rights (trademark, copyright, etc.) (hereinafter referred to as <strong>\u201cIntellectual Property\u201d<\/strong>) related to the Website are the exclusive property of Wendake H\u00e9licopt\u00e8re, which operates them. You may not copy or use the material, structure, menu, appearance or characters that appear on the Website without the express consent of Wendake H\u00e9licopt\u00e8re. The photos and videos presented on the Media page of the Website may be used without prior consent, for media purposes, communication or promotion of the event only. Photos or videos must be accompanied by the appropriate credit mentioning Wendake H\u00e9licopt\u00e8re and the photographer.<\/p>\n\n\n\n<p class=\" translation-block\">Certain names, words, titles, phrases, logos, icons, graphics, designs, and domain names contained on the Website or Mobile App may be trademarked, copyrighted or registered (for the purposes of these Terms of Use, all are referred to as <strong>\"Trademarks\"<\/strong>). These Trademarks are protected by Canadian and foreign laws applicable to trademarks and are the exclusive property of Wendake H\u00e9licopt\u00e8re.<\/p>\n\n\n\n<p>Without limiting its scope, the elements of Intellectual Property belonging to Wendake H\u00e9licopt\u00e8re include, non-exhaustively, the following elements:<\/p>\n\n\n\n<ul class=\"wp-block-list\">\n<li>All logos, drawings, graphics, trademarks (registered or not), symbols, texts, expressions, words as well as all the general content of the Website.<\/li>\n<\/ul>\n\n\n\n<p>All information provided on the Website belongs to Wendake H\u00e9licopt\u00e8re, and is protected by the laws applicable. Unless otherwise specified, information may not be copied, displayed, distributed, downloaded, licensed, modified, published, reproduced, reused, sold, transmitted, or used for derivative, public, or commercial purposes without the express written authorization of Wendake H\u00e9licopt\u00e8re. The Information is protected under the copyright and trademark laws of Canada and the countries hosting the Website.<\/p>\n\n\n\n<p>You may use the information exclusively for your personal and non-commercial use, provided that you reference the respective credits, copyrights and trademarks on the copies. These Terms of Use grant you limited permission to view on your computer or phone, download or print text and images presented on the Website, and only for non-commercial, personal and educational purposes, provided that the content of the Website is not modified in any way. This permission is yours alone; it may not be assigned or transferred to another person, or be sub-licensed. Images and text contained on the Website that are downloaded, copied, saved or printed are still subject to these Terms of Use. You should ensure that all copyright and trademark mentions are still included. The content of the Website may be modified at any time without notice. For more information regarding permission to use, reproduce or republish any information presented on the Website, please email us at info@wendakehelicoptere.com.<\/p>\n\n\n\n<p>Nothing herein shall be construed as conferring by implication, estoppel, or otherwise any license or right to User under any copyright or trademark.<\/p>\n\n\n\n<p>Any unauthorized downloading, retransmission, copying or modification of trademarks or data contained on the Site may violate federal or other trademark or copyright laws and may subject the User to legal action.<\/p>\n\n\n\n<h2 class=\"wp-block-heading\">EXTERNAL LINKS<\/h2>\n\n\n\n<p class=\" translation-block\">It is possible that, by clicking on a hyperlink, you leave the Website to access the sites and content of other parties (hereinafter the<strong> \u201cExternal Websites\u201d<\/strong>). Wendake H\u00e9licopt\u00e8re provides users, in addition to its own content, with links to external websites solely for information purposes. Wendake H\u00e9licopt\u00e8re has no control over the content of these External Websites and assumes no responsibility for their accuracy, precision, completeness, authenticity, timeliness or suitability for any specific purpose.<\/p>\n\n\n\n<p>Any liability of Wendake H\u00e9licopt\u00e8re is excluded, particularly concerning direct or indirect damage, or the consequences linked to the use of the content of these External Websites. Wendake H\u00e9licopt\u00e8re has no influence on the content of the External Websites to which the links refer. Wendake H\u00e9licopt\u00e8re assumes no responsibility for the content of external links, in particular those that have been modified after the link was set up. Wendake H\u00e9licopt\u00e8re does not require the transmission of information by these External Websites, does not select the recipients of the information transmitted or the information itself, and does not modify it. No automatic short-term backup of these external links is made by Wendake H\u00e9licopt\u00e8re by virtue of the method for creating and consulting the links in force. Therefore, responsibility for the content of the External Websites accessible via external links lies exclusively with their operators.<\/p>\n\n\n\n<p>In addition, Wendake H\u00e9licopt\u00e8re cannot in any way guarantee the absence of violation of copyright trademarks or the rights of third parties by these External Websites. Wendake H\u00e9licopt\u00e8re also cannot guarantee the absence of viruses or other harmful components. No guarantee is given as to the authenticity of the documents available on these External Websites.<\/p>\n\n\n\n<h2 class=\"wp-block-heading\">DISCLAIMER AND COMPENSATION<\/h2>\n\n\n\n<p>Wendake H\u00e9licopt\u00e8re does not guarantee the accuracy, completeness, quality or relevance of the content and information presented on its Website. This information is provided as is, without warranty or condition whatsoever, express or implied. Wendake H\u00e9licopt\u00e8re is not responsible for the content posted on the Website by the Users, and for any damage that may result. Each User is responsible for the content that he exchanges on the Website and may not use the Website for purposes contrary to the laws applicable in Quebec and Canada.<\/p>\n\n\n\n<p>Wendake H\u00e9licopt\u00e8re cannot be held liable for any direct, indirect, special, incidental and consequential damages, or any other damage whatsoever, including loss of income, profits or anticipated economic benefits resulting from the use or the impossibility of using the Website, the information, contents, documents and software found there, even if Wendake H\u00e9licopt\u00e8re has been warned of the possibility of such damages or even if these damages can be reasonably expected.<\/p>\n\n\n\n<p>As a User, you will compensate Wendake H\u00e9licopt\u00e8re, its directors, employees, and release them from all liability for all claims, liabilities, losses and costs (including legal fees) attributable to the use of the Website, and\/or breach of these Terms of Use, whether such breach is by you or any third-party user of your account.<\/p>\n\n\n\n<p>You may not use or export the Information, or any copy or adaptation of the Information, in violation of any applicable laws or regulations, including applicable export laws and regulations of Canada.<\/p>\n\n\n\n<p>You may not use or export the Information, or make any copy or adaptation of the Information, in violation of any applicable laws or regulations, including applicable Canadian export laws and regulations.<\/p>\n\n\n\n<h2 class=\"wp-block-heading\">APPLICABLE LAW AND COMPETENT COURTS<\/h2>\n\n\n\n<p>The Website, and its contents are managed by Wendake H\u00e9licopt\u00e8re from its offices located in the Province of Quebec, in Canada. The Website and its contents, these Terms of Use, and your use of the Website is all governed by the laws of Quebec and Canada which are applicable.<\/p>\n\n\n\n<p>You agree that all questions and disputes concerning the Website and your use thereof should be settled exclusively by the courts of the province of Quebec.<\/p>\n\n\n\n<p>In addition, any decision of the courts to the effect that one of the clauses of these Terms of Use is void or unenforceable does not affect the other clauses.<\/p>\n\n\n\n<h2 class=\"wp-block-heading\">CHANGES TO THE TERMS OF USE<\/h2>\n\n\n\n<p>Wendake H\u00e9licopt\u00e8re reserves the right to modify these Terms of Use at any time, at its sole discretion. Any significant changes will be published in this document.<\/p>\n\n\n\n<p>Wendake H\u00e9licopt\u00e8re asks users to read the updated version of the Terms of Use. If you object to any changes to these Terms of Use, please cease all use of the Website. Your continued use after the new Terms of Service take effect constitutes your acceptance of them.<\/p>\n\n\n\n<h2 class=\"wp-block-heading\">CONTACT PERSON<\/h2>\n\n\n\n<p>If you have any questions or comments regarding any content of the Website, please contact us at info@wendakehelicoptere.com.<\/p>\n\n\n\n<p>_____________<\/p>","protected":false},"excerpt":{"rendered":"<p>Veuillez lire attentivement les conditions d\u2019utilisation (ci-apr\u00e8s nomm\u00e9es Conditions d\u2019utilisation) ci-dessous. En d\u00e9cidant d\u2019utiliser le site web (ci-apr\u00e8s nomm\u00e9 Site) de Wendake H\u00e9licopt\u00e8re (ci-apr\u00e8s nomm\u00e9 Wendake H\u00e9licopt\u00e8re), l\u2019utilisateur (l\u2019utilisateur final ou l\u2019organisation que vous repr\u00e9sentez ou pour laquelle vous travaillez, ci-apr\u00e8s nomm\u00e9 l\u2019Utilisateur) accepte toutes les Conditions d\u2019utilisation indiqu\u00e9es ci-dessous. Ces conditions d\u2019utilisation r\u00e9gissent le [&hellip;]<\/p>","protected":false},"author":1,"featured_media":0,"parent":0,"menu_order":0,"comment_status":"closed","ping_status":"closed","template":"","meta":{"_acf_changed":false,"inline_featured_image":false,"footnotes":""},"class_list":["post-77","page","type-page","status-publish","hentry"],"acf":[],"yoast_head":"<!-- This site is optimized with the Yoast SEO plugin v24.9 - https:\/\/yoast.com\/wordpress\/plugins\/seo\/ -->\n<title>Conditions d&#039;utilisation - Wendake H\u00e9licopt\u00e8res<\/title>\n<meta name=\"robots\" content=\"noindex, follow, max-snippet:-1, max-image-preview:large, max-video-preview:-1\" \/>\n<meta property=\"og:locale\" content=\"en_US\" \/>\n<meta property=\"og:type\" content=\"article\" \/>\n<meta property=\"og:title\" content=\"Conditions d&#039;utilisation - Wendake H\u00e9licopt\u00e8res\" \/>\n<meta property=\"og:description\" content=\"Veuillez lire attentivement les conditions d\u2019utilisation (ci-apr\u00e8s nomm\u00e9es Conditions d\u2019utilisation) ci-dessous. En d\u00e9cidant d\u2019utiliser le site web (ci-apr\u00e8s nomm\u00e9 Site) de Wendake H\u00e9licopt\u00e8re (ci-apr\u00e8s nomm\u00e9 Wendake H\u00e9licopt\u00e8re), l\u2019utilisateur (l\u2019utilisateur final ou l\u2019organisation que vous repr\u00e9sentez ou pour laquelle vous travaillez, ci-apr\u00e8s nomm\u00e9 l\u2019Utilisateur) accepte toutes les Conditions d\u2019utilisation indiqu\u00e9es ci-dessous. Ces conditions d\u2019utilisation r\u00e9gissent le [&hellip;]\" \/>\n<meta property=\"og:url\" content=\"https:\/\/wendakehelicoptere.com\/en\/conditions-dutilisation\/\" \/>\n<meta property=\"og:site_name\" content=\"Wendake H\u00e9licopt\u00e8res\" \/>\n<meta property=\"article:modified_time\" content=\"2025-04-22T15:21:16+00:00\" \/>\n<meta name=\"twitter:card\" content=\"summary_large_image\" \/>\n<meta name=\"twitter:label1\" content=\"Est. reading time\" \/>\n\t<meta name=\"twitter:data1\" content=\"20 minutes\" \/>\n<script type=\"application\/ld+json\" class=\"yoast-schema-graph\">{\"@context\":\"https:\/\/schema.org\",\"@graph\":[{\"@type\":\"WebPage\",\"@id\":\"https:\/\/wendakehelicoptere.com\/conditions-dutilisation\/\",\"url\":\"https:\/\/wendakehelicoptere.com\/conditions-dutilisation\/\",\"name\":\"Conditions d'utilisation - Wendake H\u00e9licopt\u00e8res\",\"isPartOf\":{\"@id\":\"https:\/\/wendakehelicoptere.com\/#website\"},\"datePublished\":\"2025-04-22T14:36:57+00:00\",\"dateModified\":\"2025-04-22T15:21:16+00:00\",\"breadcrumb\":{\"@id\":\"https:\/\/wendakehelicoptere.com\/conditions-dutilisation\/#breadcrumb\"},\"inLanguage\":\"en-CA\",\"potentialAction\":[{\"@type\":\"ReadAction\",\"target\":[\"https:\/\/wendakehelicoptere.com\/conditions-dutilisation\/\"]}]},{\"@type\":\"BreadcrumbList\",\"@id\":\"https:\/\/wendakehelicoptere.com\/conditions-dutilisation\/#breadcrumb\",\"itemListElement\":[{\"@type\":\"ListItem\",\"position\":1,\"name\":\"Accueil\",\"item\":\"https:\/\/wendakehelicoptere.com\/\"},{\"@type\":\"ListItem\",\"position\":2,\"name\":\"Conditions d'utilisation\"}]},{\"@type\":\"WebSite\",\"@id\":\"https:\/\/wendakehelicoptere.com\/#website\",\"url\":\"https:\/\/wendakehelicoptere.com\/\",\"name\":\"Wendake H\u00e9licopt\u00e8res\",\"description\":\"\",\"potentialAction\":[{\"@type\":\"SearchAction\",\"target\":{\"@type\":\"EntryPoint\",\"urlTemplate\":\"https:\/\/wendakehelicoptere.com\/?s={search_term_string}\"},\"query-input\":{\"@type\":\"PropertyValueSpecification\",\"valueRequired\":true,\"valueName\":\"search_term_string\"}}],\"inLanguage\":\"en-CA\"}]}<\/script>\n<!-- \/ Yoast SEO plugin. -->","yoast_head_json":{"title":"Conditions d'utilisation - Wendake H\u00e9licopt\u00e8res","robots":{"index":"noindex","follow":"follow","max-snippet":"max-snippet:-1","max-image-preview":"max-image-preview:large","max-video-preview":"max-video-preview:-1"},"og_locale":"en_US","og_type":"article","og_title":"Conditions d'utilisation - Wendake H\u00e9licopt\u00e8res","og_description":"Veuillez lire attentivement les conditions d\u2019utilisation (ci-apr\u00e8s nomm\u00e9es Conditions d\u2019utilisation) ci-dessous. En d\u00e9cidant d\u2019utiliser le site web (ci-apr\u00e8s nomm\u00e9 Site) de Wendake H\u00e9licopt\u00e8re (ci-apr\u00e8s nomm\u00e9 Wendake H\u00e9licopt\u00e8re), l\u2019utilisateur (l\u2019utilisateur final ou l\u2019organisation que vous repr\u00e9sentez ou pour laquelle vous travaillez, ci-apr\u00e8s nomm\u00e9 l\u2019Utilisateur) accepte toutes les Conditions d\u2019utilisation indiqu\u00e9es ci-dessous. Ces conditions d\u2019utilisation r\u00e9gissent le [&hellip;]","og_url":"https:\/\/wendakehelicoptere.com\/en\/conditions-dutilisation\/","og_site_name":"Wendake H\u00e9licopt\u00e8res","article_modified_time":"2025-04-22T15:21:16+00:00","twitter_card":"summary_large_image","twitter_misc":{"Est. reading time":"20 minutes"},"schema":{"@context":"https:\/\/schema.org","@graph":[{"@type":"WebPage","@id":"https:\/\/wendakehelicoptere.com\/conditions-dutilisation\/","url":"https:\/\/wendakehelicoptere.com\/conditions-dutilisation\/","name":"Conditions d'utilisation - Wendake H\u00e9licopt\u00e8res","isPartOf":{"@id":"https:\/\/wendakehelicoptere.com\/#website"},"datePublished":"2025-04-22T14:36:57+00:00","dateModified":"2025-04-22T15:21:16+00:00","breadcrumb":{"@id":"https:\/\/wendakehelicoptere.com\/conditions-dutilisation\/#breadcrumb"},"inLanguage":"en-CA","potentialAction":[{"@type":"ReadAction","target":["https:\/\/wendakehelicoptere.com\/conditions-dutilisation\/"]}]},{"@type":"BreadcrumbList","@id":"https:\/\/wendakehelicoptere.com\/conditions-dutilisation\/#breadcrumb","itemListElement":[{"@type":"ListItem","position":1,"name":"Accueil","item":"https:\/\/wendakehelicoptere.com\/"},{"@type":"ListItem","position":2,"name":"Conditions d'utilisation"}]},{"@type":"WebSite","@id":"https:\/\/wendakehelicoptere.com\/#website","url":"https:\/\/wendakehelicoptere.com\/","name":"Wendake H\u00e9licopt\u00e8res","description":"","potentialAction":[{"@type":"SearchAction","target":{"@type":"EntryPoint","urlTemplate":"https:\/\/wendakehelicoptere.com\/?s={search_term_string}"},"query-input":{"@type":"PropertyValueSpecification","valueRequired":true,"valueName":"search_term_string"}}],"inLanguage":"en-CA"}]}},"_links":{"self":[{"href":"https:\/\/wendakehelicoptere.com\/en\/wp-json\/wp\/v2\/pages\/77","targetHints":{"allow":["GET"]}}],"collection":[{"href":"https:\/\/wendakehelicoptere.com\/en\/wp-json\/wp\/v2\/pages"}],"about":[{"href":"https:\/\/wendakehelicoptere.com\/en\/wp-json\/wp\/v2\/types\/page"}],"author":[{"embeddable":true,"href":"https:\/\/wendakehelicoptere.com\/en\/wp-json\/wp\/v2\/users\/1"}],"replies":[{"embeddable":true,"href":"https:\/\/wendakehelicoptere.com\/en\/wp-json\/wp\/v2\/comments?post=77"}],"version-history":[{"count":5,"href":"https:\/\/wendakehelicoptere.com\/en\/wp-json\/wp\/v2\/pages\/77\/revisions"}],"predecessor-version":[{"id":96,"href":"https:\/\/wendakehelicoptere.com\/en\/wp-json\/wp\/v2\/pages\/77\/revisions\/96"}],"wp:attachment":[{"href":"https:\/\/wendakehelicoptere.com\/en\/wp-json\/wp\/v2\/media?parent=77"}],"curies":[{"name":"wp","href":"https:\/\/api.w.org\/{rel}","templated":true}]}}